{"id":6358,"date":"2026-01-13T15:14:15","date_gmt":"2026-01-13T21:14:15","guid":{"rendered":"https:\/\/llantasdemontacargas.com\/tienda-en-linea\/producto\/llanta-solida-para-minicargador-12-16-5-trabajo-pesado-brawler-hps-ss-trelleborg\/"},"modified":"2026-01-13T15:15:50","modified_gmt":"2026-01-13T21:15:50","slug":"llanta-solida-para-minicargador-12-16-5-trabajo-pesado-brawler-hps-ss-trelleborg","status":"publish","type":"product","link":"https:\/\/llantasdemontacargas.com\/tienda-en-linea\/producto\/llanta-solida-para-minicargador-12-16-5-trabajo-pesado-brawler-hps-ss-trelleborg\/","title":{"rendered":"Llanta S\u00f3lida para Minicargador 12-16.5 Trabajo Pesado Brawler HPS SS Trelleborg\u00ae"},"content":{"rendered":"","protected":false},"excerpt":{"rendered":"<h2>\n  <a href=\"http:\/\/rgx-tienda-en-lnea.local\/?swoof=1&#038;product_cat=llantas-minicargadores\">Llanta S\u00f3lida<\/a><br \/>\n  para <a href=\"https:\/\/llantasparaminicargadores.com\/\">Minicargador<\/a><br \/>\n  33X12-20\/7.5 <strong>(12-16.5 equivalent)<\/strong><br \/>\n  Trabajo Pesado Brawler HPS SS Trelleborg\u00ae<br \/>\n<\/h2>\n<h3>Llanta S\u00f3lida de alto desempe\u00f1o es HPS<\/h3>\n<p><strong>Llanta s\u00f3lida<\/strong> de Alto Desempe\u00f1o dise\u00f1ada para trabajo rudo en Metal\u00fargicas, Chatarreras, Centros de Reciclaje y Miner\u00eda.<\/p>\n<ul>\n<li>Dise\u00f1o con orificios en cara lateral que disipa calor y amortigua impactos.<\/li>\n<li>Hasta 3 veces m\u00e1s hule consumible.<\/li>\n<li>Compatible con el rin original (no incluido).<\/li>\n<li>Ingenier\u00eda de materiales <strong>PREMIUM<\/strong> a prueba de impactos, pinchaduras y cortes.<\/li>\n<li>Perfil tracci\u00f3n para superar superficies demandantes.<\/li>\n<li>Tipo de rin: Est\u00e1ndar s\u00f3lida.<\/li>\n<\/ul>\n<div class=\"botones\"><a class=\"forma\" href=\"https:\/\/llantasdemontacargas.com\/llantas-para-minicargadores\/brawler-hps-solidflex-traction-smooth\/\" target=\"_blank\" rel=\"noopener\"><button class=\"boton\" type=\"submit\">Ver m\u00e1s<br \/>\n<\/button><\/a><a class=\"forma\" href=\"https:\/\/www.trelleborg-tires.com\/-\/media\/tires-tit\/construction-tires-and-tracks-images-and-brochure\/tws-con-sell-sheet-brawlerhpsskidsteer-a4-en-lr102019.pdf?rev=52babb2532c64b5894de9b5b5e376d95\" download=\"\"><button class=\"boton\" type=\"submit\">Descargar ficha t\u00e9cnica<br \/>\n<\/button><\/a><\/div>\n","protected":false},"featured_media":5019,"comment_status":"closed","ping_status":"closed","template":"","meta":{"_acf_changed":false,"content-type":""},"product_cat":[15],"product_tag":[],"acf":[],"_links":{"self":[{"href":"https:\/\/llantasdemontacargas.com\/tienda-en-linea\/wp-json\/wp\/v2\/product\/6358"}],"collection":[{"href":"https:\/\/llantasdemontacargas.com\/tienda-en-linea\/wp-json\/wp\/v2\/product"}],"about":[{"href":"https:\/\/llantasdemontacargas.com\/tienda-en-linea\/wp-json\/wp\/v2\/types\/product"}],"replies":[{"embeddable":true,"href":"https:\/\/llantasdemontacargas.com\/tienda-en-linea\/wp-json\/wp\/v2\/comments?post=6358"}],"wp:featuredmedia":[{"embeddable":true,"href":"https:\/\/llantasdemontacargas.com\/tienda-en-linea\/wp-json\/wp\/v2\/media\/5019"}],"wp:attachment":[{"href":"https:\/\/llantasdemontacargas.com\/tienda-en-linea\/wp-json\/wp\/v2\/media?parent=6358"}],"wp:term":[{"taxonomy":"product_cat","embeddable":true,"href":"https:\/\/llantasdemontacargas.com\/tienda-en-linea\/wp-json\/wp\/v2\/product_cat?post=6358"},{"taxonomy":"product_tag","embeddable":true,"href":"https:\/\/llantasdemontacargas.com\/tienda-en-linea\/wp-json\/wp\/v2\/product_tag?post=6358"}],"curies":[{"name":"wp","href":"https:\/\/api.w.org\/{rel}","templated":true}]}}