{"id":6356,"date":"2026-01-13T15:14:13","date_gmt":"2026-01-13T21:14:13","guid":{"rendered":"https:\/\/llantasdemontacargas.com\/tienda-en-linea\/producto\/llanta-solida-para-minicargador-33x12-20-7-5-trabajo-pesado-sks-900-trelleborg-3\/"},"modified":"2026-01-13T15:15:50","modified_gmt":"2026-01-13T21:15:50","slug":"llanta-solida-para-minicargador-33x12-20-7-5-trabajo-pesado-sks-900-trelleborg-3","status":"publish","type":"product","link":"https:\/\/llantasdemontacargas.com\/tienda-en-linea\/producto\/llanta-solida-para-minicargador-33x12-20-7-5-trabajo-pesado-sks-900-trelleborg-3\/","title":{"rendered":"Llanta S\u00f3lida para Minicargador 33\u00d712-20\/7.5 Trabajo Pesado SKS-900 Trelleborg\u00ae"},"content":{"rendered":"","protected":false},"excerpt":{"rendered":"<h2><a href=\"http:\/\/rgx-tienda-en-lnea.local\/?swoof=1&amp;product_cat=llantas-minicargadores\">Llanta S\u00f3lida para Minicargador<\/a> 33&#215;12-20\/7.50 <strong>(12-16.5 equivalent) <\/strong>SKS-900 Trabajo Pesado <a href=\"https:\/\/llantasparaminicargadores.com\/somos\/\">Trelleborg<\/a>\u00ae<\/h2>\n<h3>Llanta s\u00f3lida de Alto Desempe\u00f1o dise\u00f1ada para trabajo rudo en Metal\u00fargicas, Chatarreras, Centros de Reciclaje y Miner\u00eda.<\/h3>\n<ul>\n<li>Materiales Ultra PREMIUM que aumentan su durabilidad en las condiciones m\u00e1s adversas.<\/li>\n<li>Hasta 3 veces mas hule consumible.<\/li>\n<li>Perfil tracci\u00f3n para superar las superficies m\u00e1s demandantes.<\/li>\n<li>Compatible con el rin original (no incluido)<\/li>\n<li>Tipo de rin: Est\u00e1ndar S\u00f3lida<\/li>\n<\/ul>\n<div class=\"botones\">\n<form class=\"forma\" action=\"https:\/\/llantasdemontacargas.com\/llantas-para-minicargadores\/sks-900-traction-smooth\/\" method=\"get\" target=\"_blank\"><button class=\"boton\" type=\"submit\">Ver m\u00e1s<br \/>\n<\/button><\/form>\n<form class=\"forma\" action=\"https:\/\/llantasdemontacargas.com\/llantas-para-minicargadores\/sks-900-traction-smooth\/\" method=\"get\" target=\"_blank\"><button class=\"boton\" type=\"submit\">Descargar ficha t\u00e9cnica<br \/>\n<\/button><\/form>\n<\/div>\n","protected":false},"featured_media":5018,"comment_status":"closed","ping_status":"closed","template":"","meta":{"_acf_changed":false,"content-type":""},"product_cat":[15],"product_tag":[],"acf":[],"_links":{"self":[{"href":"https:\/\/llantasdemontacargas.com\/tienda-en-linea\/wp-json\/wp\/v2\/product\/6356"}],"collection":[{"href":"https:\/\/llantasdemontacargas.com\/tienda-en-linea\/wp-json\/wp\/v2\/product"}],"about":[{"href":"https:\/\/llantasdemontacargas.com\/tienda-en-linea\/wp-json\/wp\/v2\/types\/product"}],"replies":[{"embeddable":true,"href":"https:\/\/llantasdemontacargas.com\/tienda-en-linea\/wp-json\/wp\/v2\/comments?post=6356"}],"wp:featuredmedia":[{"embeddable":true,"href":"https:\/\/llantasdemontacargas.com\/tienda-en-linea\/wp-json\/wp\/v2\/media\/5018"}],"wp:attachment":[{"href":"https:\/\/llantasdemontacargas.com\/tienda-en-linea\/wp-json\/wp\/v2\/media?parent=6356"}],"wp:term":[{"taxonomy":"product_cat","embeddable":true,"href":"https:\/\/llantasdemontacargas.com\/tienda-en-linea\/wp-json\/wp\/v2\/product_cat?post=6356"},{"taxonomy":"product_tag","embeddable":true,"href":"https:\/\/llantasdemontacargas.com\/tienda-en-linea\/wp-json\/wp\/v2\/product_tag?post=6356"}],"curies":[{"name":"wp","href":"https:\/\/api.w.org\/{rel}","templated":true}]}}