{"id":6347,"date":"2026-01-13T15:14:07","date_gmt":"2026-01-13T21:14:07","guid":{"rendered":"https:\/\/llantasdemontacargas.com\/tienda-en-linea\/producto\/llanta-solida-para-minicargador-31x10-20-7-5-trabajo-pesado-brawler-hps-ss-sf-tr-tft-trelleborg-2\/"},"modified":"2026-01-13T15:15:48","modified_gmt":"2026-01-13T21:15:48","slug":"llanta-solida-para-minicargador-31x10-20-7-5-trabajo-pesado-brawler-hps-ss-sf-tr-tft-trelleborg-2","status":"publish","type":"product","link":"https:\/\/llantasdemontacargas.com\/tienda-en-linea\/producto\/llanta-solida-para-minicargador-31x10-20-7-5-trabajo-pesado-brawler-hps-ss-sf-tr-tft-trelleborg-2\/","title":{"rendered":"Llanta S\u00f3lida para Minicargador 31\u00d710-20\/7.5 Trabajo Pesado Brawler HPS SS SF TR TFT Trelleborg\u00ae"},"content":{"rendered":"","protected":false},"excerpt":{"rendered":"<h2><a href=\"http:\/\/rgx-tienda-en-lnea.local\/?swoof=1&amp;product_cat=llantas-minicargadores\">Llanta S\u00f3lida<\/a> para <a href=\"https:\/\/llantasparaminicargadores.com\/\">Minicargador<\/a> 31X10-20\/7.5 (10-16.5 equivalent) Brawler HPS SS SolidFlex TR TFT Trabajo Pesado.<\/h2>\n<h3>Llanta s\u00f3lida de Alto Desempe\u00f1o dise\u00f1ada para trabajo rudo en Metal\u00fargicas, Chatarreras, Centros de Reciclaje y Miner\u00eda.<\/h3>\n<ul>\n<li>Dise\u00f1o \u00fanico con orificios en cara lateral que ofrece una disipaci\u00f3n de calor y amortiguan impactos.<\/li>\n<li>Hasta 3 veces m\u00e1s hule consumible<\/li>\n<li>Compatible con el rin original (no incluido).<\/li>\n<li>Ingenier\u00eda de materiales PREMIUM a prueba de impactos, pinchaduras y cortes.<\/li>\n<li>Perfil tracci\u00f3n para superar las superficies m\u00e1s demandantes.<\/li>\n<li>Tipo de rin: Est\u00e1ndar S\u00f3lida<\/li>\n<\/ul>\n<div class=\"botones\"><a class=\"forma\" href=\"https:\/\/llantasdemontacargas.com\/llantas-para-minicargadores\/brawler-hps-solidflex-traction-smooth\/\" target=\"_blank\" rel=\"noopener\"><button class=\"boton\" type=\"submit\">Ver m\u00e1s<br \/>\n<\/button><\/a><a class=\"forma\" href=\"https:\/\/www.trelleborg-tires.com\/-\/media\/tires-tit\/construction-tires-and-tracks-images-and-brochure\/tws-con-sell-sheet-brawlerhpsskidsteer-a4-en-lr102019.pdf?rev=52babb2532c64b5894de9b5b5e376d95\" download=\"\"><button class=\"boton\" type=\"submit\">Descargar ficha t\u00e9cnica<br \/>\n<\/button><\/a><\/div>\n","protected":false},"featured_media":5019,"comment_status":"closed","ping_status":"closed","template":"","meta":{"_acf_changed":false,"content-type":""},"product_cat":[15],"product_tag":[],"acf":[],"_links":{"self":[{"href":"https:\/\/llantasdemontacargas.com\/tienda-en-linea\/wp-json\/wp\/v2\/product\/6347"}],"collection":[{"href":"https:\/\/llantasdemontacargas.com\/tienda-en-linea\/wp-json\/wp\/v2\/product"}],"about":[{"href":"https:\/\/llantasdemontacargas.com\/tienda-en-linea\/wp-json\/wp\/v2\/types\/product"}],"replies":[{"embeddable":true,"href":"https:\/\/llantasdemontacargas.com\/tienda-en-linea\/wp-json\/wp\/v2\/comments?post=6347"}],"wp:featuredmedia":[{"embeddable":true,"href":"https:\/\/llantasdemontacargas.com\/tienda-en-linea\/wp-json\/wp\/v2\/media\/5019"}],"wp:attachment":[{"href":"https:\/\/llantasdemontacargas.com\/tienda-en-linea\/wp-json\/wp\/v2\/media?parent=6347"}],"wp:term":[{"taxonomy":"product_cat","embeddable":true,"href":"https:\/\/llantasdemontacargas.com\/tienda-en-linea\/wp-json\/wp\/v2\/product_cat?post=6347"},{"taxonomy":"product_tag","embeddable":true,"href":"https:\/\/llantasdemontacargas.com\/tienda-en-linea\/wp-json\/wp\/v2\/product_tag?post=6347"}],"curies":[{"name":"wp","href":"https:\/\/api.w.org\/{rel}","templated":true}]}}