{"id":5997,"date":"2025-11-25T13:17:16","date_gmt":"2025-11-25T19:17:16","guid":{"rendered":"https:\/\/llantasdemontacargas.com\/tienda-en-linea\/?post_type=product&#038;p=5997"},"modified":"2026-01-16T12:26:12","modified_gmt":"2026-01-16T18:26:12","slug":"llanta-solida-para-minicargador-33x12-20-7-5-trabajo-pesado-incluye-rin-brawler-hps-ss-tr-a-trelleborg","status":"publish","type":"product","link":"https:\/\/llantasdemontacargas.com\/tienda-en-linea\/producto\/llanta-solida-para-minicargador-33x12-20-7-5-trabajo-pesado-incluye-rin-brawler-hps-ss-tr-a-trelleborg\/","title":{"rendered":"Llanta S\u00f3lida para Minicargador 12-16.5 Trabajo Pesado (Incluye Rin) Brawler HPS SS TR-A Trelleborg\u00ae"},"content":{"rendered":"","protected":false},"excerpt":{"rendered":"<h2><strong><a href=\"http:\/\/rgx-tienda-en-lnea.local\/?swoof=1&amp;product_cat=llantas-minicargadores\">Llanta S\u00f3lida para Minicargador<\/a>12-16.5 (33X12-20\/7.5  equivalent) Brawler HPS SS SolidFlex TR-A (Incluye Rin) Trabajo Pesado.<\/strong><\/h2>\n<h3>Una llanta PREMIUM para trabajo pesado + rin<\/h3>\n<p><strong>Llanta s\u00f3lida de Alto Desempe\u00f1o<\/strong> dise\u00f1ada para trabajo rudo en Metal\u00fargicas, Chatarreras, Centros de reciclaje y Miner\u00eda.<\/p>\n<ul>\n<li>Dise\u00f1o \u00fanico con orificios en cara lateral que ofrece una disipaci\u00f3n de calor y amortiguan impactos.<\/li>\n<li>Hasta 3 veces m\u00e1s hule consumible.<\/li>\n<li>Ingenier\u00eda de materiales PREMIUM a prueba de impactos, pinchaduras y cortes.<\/li>\n<li>Perfil tracci\u00f3n para superar las superficies m\u00e1s demandantes.<\/li>\n<li>Rin Est\u00e1ndar S\u00f3lida de f\u00e1brica Incluido.<\/li>\n<\/ul>\n<p>33&#215;12-20\/7.5 Trabajo Pesado + Rin<\/p>\n<div class=\"botones\"><a class=\"forma\" href=\"https:\/\/llantasdemontacargas.com\/llantas-para-minicargadores\/brawler-hps-solidflex-traction-smooth\/\" target=\"_blank\" rel=\"noopener\"><button class=\"boton\" type=\"submit\">Ver m\u00e1s<br \/>\n<\/button><\/a><a class=\"forma\" href=\"https:\/\/www.trelleborg-tires.com\/-\/media\/tires-tit\/construction-tires-and-tracks-images-and-brochure\/tws-con-sell-sheet-brawlerhpsskidsteer-a4-en-lr102019.pdf?rev=52babb2532c64b5894de9b5b5e376d95\" download=\"\"><button class=\"boton\" type=\"submit\">Descargar ficha t\u00e9cnica<br \/>\n<\/button><\/a><\/div>\n","protected":false},"featured_media":5019,"comment_status":"open","ping_status":"closed","template":"","meta":{"_acf_changed":false,"content-type":""},"product_cat":[15],"product_tag":[],"acf":[],"_links":{"self":[{"href":"https:\/\/llantasdemontacargas.com\/tienda-en-linea\/wp-json\/wp\/v2\/product\/5997"}],"collection":[{"href":"https:\/\/llantasdemontacargas.com\/tienda-en-linea\/wp-json\/wp\/v2\/product"}],"about":[{"href":"https:\/\/llantasdemontacargas.com\/tienda-en-linea\/wp-json\/wp\/v2\/types\/product"}],"replies":[{"embeddable":true,"href":"https:\/\/llantasdemontacargas.com\/tienda-en-linea\/wp-json\/wp\/v2\/comments?post=5997"}],"wp:featuredmedia":[{"embeddable":true,"href":"https:\/\/llantasdemontacargas.com\/tienda-en-linea\/wp-json\/wp\/v2\/media\/5019"}],"wp:attachment":[{"href":"https:\/\/llantasdemontacargas.com\/tienda-en-linea\/wp-json\/wp\/v2\/media?parent=5997"}],"wp:term":[{"taxonomy":"product_cat","embeddable":true,"href":"https:\/\/llantasdemontacargas.com\/tienda-en-linea\/wp-json\/wp\/v2\/product_cat?post=5997"},{"taxonomy":"product_tag","embeddable":true,"href":"https:\/\/llantasdemontacargas.com\/tienda-en-linea\/wp-json\/wp\/v2\/product_tag?post=5997"}],"curies":[{"name":"wp","href":"https:\/\/api.w.org\/{rel}","templated":true}]}}