{"id":5988,"date":"2025-11-25T13:17:15","date_gmt":"2025-11-25T19:17:15","guid":{"rendered":"https:\/\/llantasdemontacargas.com\/tienda-en-linea\/?post_type=product&#038;p=5988"},"modified":"2025-12-04T20:57:55","modified_gmt":"2025-12-05T02:57:55","slug":"llanta-solida-para-montacargas-6-50-10-5-00-xp800-nm-blanca-no-manchante","status":"publish","type":"product","link":"https:\/\/llantasdemontacargas.com\/tienda-en-linea\/producto\/llanta-solida-para-montacargas-6-50-10-5-00-xp800-nm-blanca-no-manchante\/","title":{"rendered":"Llanta S\u00f3lida para Montacargas 6.50-10\/5.00 XP800 NM (Blanca No-Manchante)"},"content":{"rendered":"","protected":false},"excerpt":{"rendered":"<div class=\"\"elementor-element elementor-element-11b0538 elementor-widget elementor-widget-text-editor\"\" data-id=\"\"11b0538\"\" data-element_type=\"\"widget\"\" data-widget_type=\"\"text-editor.default\"\">\n<div class=\"\"elementor-widget-container optml-bg-lazyloaded\"\">\n<div class=\"\"elementor-text-editor elementor-clearfix\"\">\n<h2>Llanta S\u00f3lida para Montacargas 6.50-10\/5.00 XP800 NM <span style=\"\"color: #999999;\"\">(Blanca No-Manchante) Trelleborg Trabajo Medio NM<\/span><\/h2>\n<p><span style=\"\"color: #999999;\"\">Una llanta maciza con anillo met\u00e1lico de segmento ESTANDAR.<\/span> Gran desempe\u00f1o a precio bajo para montacargas de uso medio y ligero.<\/p>\n<p>Apta para montacargas el\u00e9ctricos y de combusti\u00f3n con tr\u00e1nsito principalmente en almacenes.<\/p>\n<ul>\n<li>Huella amplia mejora estabilidad y desgaste parejo.<\/li>\n<li>Buena maniobrabilidad y precisi\u00f3n.<\/li>\n<li>Absorbe vibraciones e impactos contra baches en la superficie.<\/li>\n<li>Baja resistencia al rodado que ahorra combustible visiblemente.<\/li>\n<li>Disponible en compuesto que no mancha.<\/li>\n<li>Tipo de rin: Est\u00e1ndar.<\/li>\n<\/ul>\n<\/div>\n<\/div>\n<\/div>\n<section class=\"\"elementor-section elementor-inner-section elementor-element elementor-element-2fe11a7 elementor-section-boxed elementor-section-height-default elementor-section-height-default\"\" data-id=\"\"2fe11a7\"\" data-element_type=\"\"section\"\">\n<div class=\"\"elementor-container elementor-column-gap-no\"\">\n<div class=\"\"elementor-row\"\">\n<div class=\"\"elementor-column elementor-col-50 elementor-inner-column elementor-element elementor-element-300663b\"\" data-id=\"\"300663b\"\" data-element_type=\"\"column\"\">\n<div class=\"\"elementor-column-wrap elementor-element-populated\"\">\n<div class=\"\"elementor-widget-wrap\"\">\n<div class=\"\"elementor-element elementor-element-c1d66ae elementor-align-left elementor-widget elementor-widget-button\"\" data-id=\"\"c1d66ae\"\" data-element_type=\"\"widget\"\" data-widget_type=\"\"button.default\"\">\n<div class=\"\"elementor-widget-container optml-bg-lazyloaded\"\">\n<div class=\"\"elementor-button-wrapper\"\"><\/div>\n<\/div>\n<\/div>\n<\/div>\n<\/div>\n<\/div>\n<\/div>\n<\/div>\n<div class=\"botones\"><a class=\"forma\" href=\"https:\/\/llantasdemontacargas.com\/llantas-para-montacargas\/trelleborg-xp800\/\" target=\"_blank\" rel=\"noopener\"><button class=\"boton\" type=\"submit\">Ver m\u00e1s<br \/>\n<\/button><\/a><a class=\"forma\" href=\"https:\/\/llantasdemontacargas.com\/wp-content\/uploads\/2023\/11\/TWS_XP800_ENG.pdf\" download=\"\"><button class=\"boton\" type=\"submit\">Descargar ficha t\u00e9cnica<br \/>\n<\/button><\/a><\/div>\n<\/section>\n","protected":false},"featured_media":5698,"comment_status":"closed","ping_status":"closed","template":"","meta":{"_acf_changed":false,"content-type":""},"product_cat":[179],"product_tag":[],"acf":[],"_links":{"self":[{"href":"https:\/\/llantasdemontacargas.com\/tienda-en-linea\/wp-json\/wp\/v2\/product\/5988"}],"collection":[{"href":"https:\/\/llantasdemontacargas.com\/tienda-en-linea\/wp-json\/wp\/v2\/product"}],"about":[{"href":"https:\/\/llantasdemontacargas.com\/tienda-en-linea\/wp-json\/wp\/v2\/types\/product"}],"replies":[{"embeddable":true,"href":"https:\/\/llantasdemontacargas.com\/tienda-en-linea\/wp-json\/wp\/v2\/comments?post=5988"}],"wp:featuredmedia":[{"embeddable":true,"href":"https:\/\/llantasdemontacargas.com\/tienda-en-linea\/wp-json\/wp\/v2\/media\/5698"}],"wp:attachment":[{"href":"https:\/\/llantasdemontacargas.com\/tienda-en-linea\/wp-json\/wp\/v2\/media?parent=5988"}],"wp:term":[{"taxonomy":"product_cat","embeddable":true,"href":"https:\/\/llantasdemontacargas.com\/tienda-en-linea\/wp-json\/wp\/v2\/product_cat?post=5988"},{"taxonomy":"product_tag","embeddable":true,"href":"https:\/\/llantasdemontacargas.com\/tienda-en-linea\/wp-json\/wp\/v2\/product_tag?post=5988"}],"curies":[{"name":"wp","href":"https:\/\/api.w.org\/{rel}","templated":true}]}}