{"id":5965,"date":"2025-11-25T13:16:51","date_gmt":"2025-11-25T19:16:51","guid":{"rendered":"https:\/\/llantasdemontacargas.com\/tienda-en-linea\/?post_type=product&#038;p=5965"},"modified":"2025-12-04T20:57:47","modified_gmt":"2025-12-05T02:57:47","slug":"llanta-solida-para-montacargas-7-00-12-5-00-trabajo-medio-nm","status":"publish","type":"product","link":"https:\/\/llantasdemontacargas.com\/tienda-en-linea\/producto\/llanta-solida-para-montacargas-7-00-12-5-00-trabajo-medio-nm\/","title":{"rendered":"Llanta S\u00f3lida para Montacargas 7.00-12\/5.00 Trabajo Medio NM"},"content":{"rendered":"","protected":false},"excerpt":{"rendered":"<h2><strong><a href=\"\"https:\/\/llantasdemontacargas.com\/tienda-en-linea\/?swoof=1&amp;product_cat=llantas-para-montacargas\"\">Llanta S\u00f3lida para Montacargas<\/a> 7.00-12\/5.00 Trabajo Medio NM XP800 NM <a href=\"\"https:\/\/llantasparaminicargadores.com\/somos\/\"\">Trelleborg<\/a>\u00ae\u00a0<\/strong><\/h2>\n<h3>7.00-12\/5.00 XP800 NM<\/h3>\n<h3>Es una llanta s\u00f3lida de segmento PREMIUM, de rendimiento prolongado.<\/h3>\n<p>Para montacargas de uso rudo en presencia de materiales cortantes.<\/p>\n<p>De huella cuadrada y amplia para mayor estabilidad y desgaste uniforme.<\/p>\n<p>Su construcci\u00f3n en compuestos mejorados con caucho natural ofrece resistencia y m\u00e1s ciclos como ninguna otra rudom\u00e1tica de la competencia.<\/p>\n<ul>\n<li>Baja resistencia en la rodada con gran ahorro de combustible.<\/li>\n<li>Perfil amortigua vibraciones e impactos en superficies con baches.<\/li>\n<li>Mejora la maniobrabilidad precisa del montacargas.<\/li>\n<li>Disponible en 4 compuestos para aplicaciones espec\u00edficas.<\/li>\n<li>Caucho natural Premium le da propiedades contra el desgaste, generaci\u00f3n de calor y cortes.<\/li>\n<li>Tipo de rin: Est\u00e1ndar.<\/li>\n<\/ul>\n<p>&nbsp;<\/p>\n<div class=\"botones\"><a class=\"forma\" href=\"https:\/\/llantasdemontacargas.com\/llantas-para-montacargas\/trelleborg-xp800\/\" target=\"_blank\" rel=\"noopener\"><button class=\"boton\" type=\"submit\">Ver m\u00e1s<br \/>\n<\/button><\/a><a class=\"forma\" href=\"https:\/\/llantasdemontacargas.com\/wp-content\/uploads\/2023\/11\/TWS_XP800_ENG.pdf\" download=\"\"><button class=\"boton\" type=\"submit\">Descargar ficha t\u00e9cnica<br \/>\n<\/button><\/a><\/div>\n","protected":false},"featured_media":5698,"comment_status":"closed","ping_status":"closed","template":"","meta":{"_acf_changed":false,"content-type":""},"product_cat":[179],"product_tag":[],"acf":[],"_links":{"self":[{"href":"https:\/\/llantasdemontacargas.com\/tienda-en-linea\/wp-json\/wp\/v2\/product\/5965"}],"collection":[{"href":"https:\/\/llantasdemontacargas.com\/tienda-en-linea\/wp-json\/wp\/v2\/product"}],"about":[{"href":"https:\/\/llantasdemontacargas.com\/tienda-en-linea\/wp-json\/wp\/v2\/types\/product"}],"replies":[{"embeddable":true,"href":"https:\/\/llantasdemontacargas.com\/tienda-en-linea\/wp-json\/wp\/v2\/comments?post=5965"}],"wp:featuredmedia":[{"embeddable":true,"href":"https:\/\/llantasdemontacargas.com\/tienda-en-linea\/wp-json\/wp\/v2\/media\/5698"}],"wp:attachment":[{"href":"https:\/\/llantasdemontacargas.com\/tienda-en-linea\/wp-json\/wp\/v2\/media?parent=5965"}],"wp:term":[{"taxonomy":"product_cat","embeddable":true,"href":"https:\/\/llantasdemontacargas.com\/tienda-en-linea\/wp-json\/wp\/v2\/product_cat?post=5965"},{"taxonomy":"product_tag","embeddable":true,"href":"https:\/\/llantasdemontacargas.com\/tienda-en-linea\/wp-json\/wp\/v2\/product_tag?post=5965"}],"curies":[{"name":"wp","href":"https:\/\/api.w.org\/{rel}","templated":true}]}}