{"id":5951,"date":"2025-11-25T13:16:50","date_gmt":"2025-11-25T19:16:50","guid":{"rendered":"https:\/\/llantasdemontacargas.com\/tienda-en-linea\/?post_type=product&#038;p=5951"},"modified":"2025-12-04T20:57:46","modified_gmt":"2025-12-05T02:57:46","slug":"llanta-solida-para-montacargas-300-15-8-00-trabajo-medio","status":"publish","type":"product","link":"https:\/\/llantasdemontacargas.com\/tienda-en-linea\/producto\/llanta-solida-para-montacargas-300-15-8-00-trabajo-medio\/","title":{"rendered":"Llanta S\u00f3lida para Montacargas 300-15\/8.00 Trabajo Medio"},"content":{"rendered":"","protected":false},"excerpt":{"rendered":"<h2><a href=\"\"https:\/\/llantasdemontacargas.com\/tienda-en-linea\/?swoof=1&amp;product_cat=llantas-para-montacargas\"\">Llanta S\u00f3lida para Montacargas<\/a> 300-15\/8.00 Trabajo Medio XP800 <a href=\"\"https:\/\/llantasparaminicargadores.com\/somos\/\"\">Trelleborg<\/a>\u00ae<\/h2>\n<h3>300-15\/8.00 XP800<\/h3>\n<h3>Una llanta s\u00f3lida de segmento EST\u00c1NDAR<\/h3>\n<p>Gran desempe\u00f1o a precio bajo para aplicaciones de menor demanda o para el transporte de cargas ligeras<\/p>\n<p>Apta para montacargas el\u00e9ctricos y de combusti\u00f3n.<\/p>\n<ul>\n<li>Disponible en: Non-Marking \u2013 Un compuesto de gran rendimiento que no mancha. Apto para las aplicaciones donde es importante el cuidado del suelo.<\/li>\n<li>Dise\u00f1o de banda de rodadura en bloque. La huella grande reduce la tensi\u00f3n y maximiza la vida \u00fatil de los neum\u00e1ticos.<\/li>\n<li>Estabilidad mejorada.<\/li>\n<li>Baja resistencia a la rodadura para mejorar la eficiencia energ\u00e9tica.<\/li>\n<li>Absorci\u00f3n de impactos. El neum\u00e1tico absorbe los golpes de los obst\u00e1culos.<\/li>\n<li>Excelente resistencia a los cortes.<\/li>\n<li>Tipo de rin: Est\u00e1ndar.<\/li>\n<\/ul>\n<div class=\"botones\"><a class=\"forma\" href=\"https:\/\/llantasdemontacargas.com\/llantas-para-montacargas\/trelleborg-xp800\/\" target=\"_blank\" rel=\"noopener\"><button class=\"boton\" type=\"submit\">Ver m\u00e1s<br \/>\n<\/button><\/a><a class=\"forma\" href=\"https:\/\/llantasdemontacargas.com\/wp-content\/uploads\/2023\/11\/TWS_XP800_ENG.pdf\" download=\"\"><button class=\"boton\" type=\"submit\">Descargar ficha t\u00e9cnica<br \/>\n<\/button><\/a><\/div>\n","protected":false},"featured_media":5695,"comment_status":"closed","ping_status":"closed","template":"","meta":{"_acf_changed":false,"content-type":""},"product_cat":[179],"product_tag":[],"acf":[],"_links":{"self":[{"href":"https:\/\/llantasdemontacargas.com\/tienda-en-linea\/wp-json\/wp\/v2\/product\/5951"}],"collection":[{"href":"https:\/\/llantasdemontacargas.com\/tienda-en-linea\/wp-json\/wp\/v2\/product"}],"about":[{"href":"https:\/\/llantasdemontacargas.com\/tienda-en-linea\/wp-json\/wp\/v2\/types\/product"}],"replies":[{"embeddable":true,"href":"https:\/\/llantasdemontacargas.com\/tienda-en-linea\/wp-json\/wp\/v2\/comments?post=5951"}],"wp:featuredmedia":[{"embeddable":true,"href":"https:\/\/llantasdemontacargas.com\/tienda-en-linea\/wp-json\/wp\/v2\/media\/5695"}],"wp:attachment":[{"href":"https:\/\/llantasdemontacargas.com\/tienda-en-linea\/wp-json\/wp\/v2\/media?parent=5951"}],"wp:term":[{"taxonomy":"product_cat","embeddable":true,"href":"https:\/\/llantasdemontacargas.com\/tienda-en-linea\/wp-json\/wp\/v2\/product_cat?post=5951"},{"taxonomy":"product_tag","embeddable":true,"href":"https:\/\/llantasdemontacargas.com\/tienda-en-linea\/wp-json\/wp\/v2\/product_tag?post=5951"}],"curies":[{"name":"wp","href":"https:\/\/api.w.org\/{rel}","templated":true}]}}